{"id":11,"date":"2014-02-28T16:50:48","date_gmt":"2014-02-28T15:50:48","guid":{"rendered":"http:\/\/kuchen-rezepte-online.de\/?page_id=11"},"modified":"2014-03-01T11:08:01","modified_gmt":"2014-03-01T10:08:01","slug":"ueber-mich","status":"publish","type":"page","link":"http:\/\/kuchen-rezepte-online.de\/wordpress\/ueber-mich\/","title":{"rendered":"\u00dcber mich"},"content":{"rendered":"<p>Hallo Ihr Lieben!<\/p>\n<p>Ich darf euch ganz herzlich auf meinen\u00a0 kleinen Seiten begr\u00fc\u00dfen. Ich bin die Julia und m\u00f6chte hier auf dem Blog ganz viele tolle Rezepte und Tipps zum backen zu meinem besten geben.<\/p>\n<p>Ich hoffe euch gef\u00e4llt es hier, und ihr nehmt die eine oder andere Anregung mit.<\/p>\n<p>Dann w\u00fcnsche ich euch schon mal ganz viel Spa\u00df. Und bald gibt es hier auch mehr zu sehen. Gut ding will halt weile haben.<\/p>\n<p><strong>Julia<\/strong><\/p>\n<p><a href=\"http:\/\/kuchen-rezepte-online.de\/wordpress\/wp-content\/uploads\/2014\/02\/julia.jpg\"><img decoding=\"async\" loading=\"lazy\" class=\"alignnone size-thumbnail wp-image-39\" alt=\"julia\" src=\"http:\/\/kuchen-rezepte-online.de\/wordpress\/wp-content\/uploads\/2014\/02\/julia-150x150.jpg\" width=\"150\" height=\"150\" srcset=\"http:\/\/kuchen-rezepte-online.de\/wordpress\/wp-content\/uploads\/2014\/02\/julia-150x150.jpg 150w, http:\/\/kuchen-rezepte-online.de\/wordpress\/wp-content\/uploads\/2014\/02\/julia-160x160.jpg 160w, http:\/\/kuchen-rezepte-online.de\/wordpress\/wp-content\/uploads\/2014\/02\/julia.jpg 200w\" sizes=\"(max-width: 150px) 100vw, 150px\" \/><\/a><\/p>\n<p>&nbsp;<\/p>\n","protected":false},"excerpt":{"rendered":"<p>Hallo Ihr Lieben! Ich darf euch ganz herzlich auf meinen\u00a0 kleinen Seiten begr\u00fc\u00dfen. Ich bin die Julia und m\u00f6chte hier auf dem Blog ganz viele tolle Rezepte und Tipps zum backen zu meinem besten&#46;&#46;&#46;<\/p>\n","protected":false},"author":1,"featured_media":0,"parent":0,"menu_order":0,"comment_status":"closed","ping_status":"open","template":"","meta":[],"_links":{"self":[{"href":"http:\/\/kuchen-rezepte-online.de\/wordpress\/wp-json\/wp\/v2\/pages\/11"}],"collection":[{"href":"http:\/\/kuchen-rezepte-online.de\/wordpress\/wp-json\/wp\/v2\/pages"}],"about":[{"href":"http:\/\/kuchen-rezepte-online.de\/wordpress\/wp-json\/wp\/v2\/types\/page"}],"author":[{"embeddable":true,"href":"http:\/\/kuchen-rezepte-online.de\/wordpress\/wp-json\/wp\/v2\/users\/1"}],"replies":[{"embeddable":true,"href":"http:\/\/kuchen-rezepte-online.de\/wordpress\/wp-json\/wp\/v2\/comments?post=11"}],"version-history":[{"count":3,"href":"http:\/\/kuchen-rezepte-online.de\/wordpress\/wp-json\/wp\/v2\/pages\/11\/revisions"}],"predecessor-version":[{"id":41,"href":"http:\/\/kuchen-rezepte-online.de\/wordpress\/wp-json\/wp\/v2\/pages\/11\/revisions\/41"}],"wp:attachment":[{"href":"http:\/\/kuchen-rezepte-online.de\/wordpress\/wp-json\/wp\/v2\/media?parent=11"}],"curies":[{"name":"wp","href":"https:\/\/api.w.org\/{rel}","templated":true}]}}